{"id":31,"date":"2024-05-23T16:07:07","date_gmt":"2024-05-23T14:07:07","guid":{"rendered":"https:\/\/wordpress.photothequequaregnon.eu\/?page_id=31"},"modified":"2024-05-23T16:59:09","modified_gmt":"2024-05-23T14:59:09","slug":"decouvrez-votre-patrimoine","status":"publish","type":"page","link":"https:\/\/wordpress.photothequequaregnon.eu\/","title":{"rendered":"D\u00e9couvrez votre patrimoine"},"content":{"rendered":"\n<div class=\"wp-block-group is-nowrap is-layout-flex wp-container-core-group-layout-1 wp-block-group-is-layout-flex\">\n<p class=\"is-layout-flow wp-block-paragraph-is-layout-flow\" style=\"font-size:17px\">Nous vous souhaitons la bienvenue sur le nouveau portail historique de l\u2019entit\u00e9 de Quaregnon.<br><br>Notre site regroupe une vaste collection de photos et documents datant de diverses \u00e9poques. Il vous offre ainsi un voyage visuel \u00e0 travers l\u2019Histoire de Quaregnon et Wasmu\u00ebl.<br><br>Nous vous invitons \u00e0 participer \u00e0 la pr\u00e9servation de notre histoire en partageant vos propres documents et connaissances. Aussi, les collections en ligne seront amen\u00e9es \u00e0 \u00e9voluer au fil du temps.<br><br>Nous vous souhaitons une agr\u00e9able exploration \u00e0 travers les reflets d\u2019hier et les \u00e9clats d\u2019aujourd\u2019hui.<\/p>\n\n\n<form role=\"search\" method=\"get\" action=\"https:\/\/wordpress.photothequequaregnon.eu\/\" class=\"wp-block-search__button-outside wp-block-search__icon-button wp-block-search is-layout-flow wp-block-search-is-layout-flow\"    ><label class=\"wp-block-search__label\" for=\"wp-block-search__input-1\" >Rechercher<\/label><div class=\"wp-block-search__inside-wrapper \"  style=\"width: 100%\"><input class=\"wp-block-search__input\" id=\"wp-block-search__input-1\" placeholder=\"\" value=\"\" type=\"search\" name=\"s\" required \/><button aria-label=\"Rechercher\" class=\"wp-block-search__button has-icon wp-element-button\" type=\"submit\" ><svg class=\"search-icon\" viewBox=\"0 0 24 24\" width=\"24\" height=\"24\">\n\t\t\t\t\t<path d=\"M13 5c-3.3 0-6 2.7-6 6 0 1.4.5 2.7 1.3 3.7l-3.8 3.8 1.1 1.1 3.8-3.8c1 .8 2.3 1.3 3.7 1.3 3.3 0 6-2.7 6-6S16.3 5 13 5zm0 10.5c-2.5 0-4.5-2-4.5-4.5s2-4.5 4.5-4.5 4.5 2 4.5 4.5-2 4.5-4.5 4.5z\"><\/path>\n\t\t\t\t<\/svg><\/button><\/div><\/form><\/div>\n","protected":false},"excerpt":{"rendered":"<p>Nous vous souhaitons la bienvenue sur le nouveau portail historique de l\u2019entit\u00e9 de Quaregnon. Notre site regroupe une vaste collection de photos et documents datant de diverses \u00e9poques. Il vous offre ainsi un voyage visuel \u00e0 travers l\u2019Histoire de Quaregnon et Wasmu\u00ebl. Nous vous invitons \u00e0 participer \u00e0 la pr\u00e9servation de notre histoire en partageant [&hellip;]<\/p>\n","protected":false},"author":1,"featured_media":0,"parent":0,"menu_order":0,"comment_status":"closed","ping_status":"closed","template":"","meta":{"ngg_post_thumbnail":0,"footnotes":""},"_links":{"self":[{"href":"https:\/\/wordpress.photothequequaregnon.eu\/index.php\/wp-json\/wp\/v2\/pages\/31"}],"collection":[{"href":"https:\/\/wordpress.photothequequaregnon.eu\/index.php\/wp-json\/wp\/v2\/pages"}],"about":[{"href":"https:\/\/wordpress.photothequequaregnon.eu\/index.php\/wp-json\/wp\/v2\/types\/page"}],"author":[{"embeddable":true,"href":"https:\/\/wordpress.photothequequaregnon.eu\/index.php\/wp-json\/wp\/v2\/users\/1"}],"replies":[{"embeddable":true,"href":"https:\/\/wordpress.photothequequaregnon.eu\/index.php\/wp-json\/wp\/v2\/comments?post=31"}],"version-history":[{"count":3,"href":"https:\/\/wordpress.photothequequaregnon.eu\/index.php\/wp-json\/wp\/v2\/pages\/31\/revisions"}],"predecessor-version":[{"id":34,"href":"https:\/\/wordpress.photothequequaregnon.eu\/index.php\/wp-json\/wp\/v2\/pages\/31\/revisions\/34"}],"wp:attachment":[{"href":"https:\/\/wordpress.photothequequaregnon.eu\/index.php\/wp-json\/wp\/v2\/media?parent=31"}],"curies":[{"name":"wp","href":"https:\/\/api.w.org\/{rel}","templated":true}]}}