{"id":55,"date":"2024-05-24T11:40:31","date_gmt":"2024-05-24T09:40:31","guid":{"rendered":"https:\/\/wordpress.photothequequaregnon.eu\/?page_id=55"},"modified":"2024-05-24T11:40:50","modified_gmt":"2024-05-24T09:40:50","slug":"55-2","status":"publish","type":"page","link":"https:\/\/wordpress.photothequequaregnon.eu\/index.php\/55-2\/","title":{"rendered":"Participer"},"content":{"rendered":"\n<h2 class=\"wp-block-heading\">Pr\u00e9servons ensemble notre histoire<\/h2>\n\n\n\n<p>Vous disposez de documents anciens concernant Quaregnon, Wasmu\u00ebl ? Que ce soient des photographies, des cartes postales ou tout autre type de document, ceux-ci pourraient enrichir notre site. Si vous le souhaitez, vous pouvez nous en faire parvenir une copie num\u00e9rique \u00e0 l\u2019adresse\u00a0<a href=\"mailto:bib.bibquaregnon@quaregnon.be\" title=\"\">bibliothequequaregnon@gmail.com<\/a><\/p>\n\n\n\n<p>Vous avez des informations concernant l\u2019un de nos documents ? N\u2019h\u00e9sitez pas \u00e0 nous soumettre un commentaire \u00e0 son sujet. Pour ce faire, utilisez l\u2019onglet \u2018Avis\u2019 qui est associ\u00e9 au document.<\/p>\n\n\n\n<p>Afin de conserver un haut niveau de qualit\u00e9, nous souhaitons des scans d\u2019une r\u00e9solution de 300dpi. Vous pouvez nous faire parvenir vos documents au format PDF ou JPG. Vos emails ne peuvent avoir une taille sup\u00e9rieure \u00e0 10 Mo. Si vous devez nous envoyer des fichiers totalisant un poids sup\u00e9rieur, veuillez soit nous les envoyer en plusieurs emails soit les compresser.<\/p>\n\n\n\n<p>Si vous disposez d\u2019une plus large collection et\/ou que vous n\u2019avez pas les moyens de num\u00e9riser vos documents, veuillez prendre contact avec :\u00a0<em>Madame Dekens Murielle,<\/em>\u00a0biblioth\u00e9caire\u00a0<em>Tel : 065\/77.07.63<\/em>\u00a0\u00a0<a href=\"mailto:bib.bibquaregnon@quaregnon.be\"><\/a><a href=\"mailto:bib.bibquaregnon@quaregnon.be\" title=\"\">bibliothequequaregnon@gmail.com<\/a><\/p>\n","protected":false},"excerpt":{"rendered":"<p>Pr\u00e9servons ensemble notre histoire Vous disposez de documents anciens concernant Quaregnon, Wasmu\u00ebl ? Que ce soient des photographies, des cartes postales ou tout autre type de document, ceux-ci pourraient enrichir notre site. Si vous le souhaitez, vous pouvez nous en faire parvenir une copie num\u00e9rique \u00e0 l\u2019adresse\u00a0bibliothequequaregnon@gmail.com Vous avez des informations concernant l\u2019un de nos [&hellip;]<\/p>\n","protected":false},"author":1,"featured_media":0,"parent":0,"menu_order":0,"comment_status":"closed","ping_status":"closed","template":"","meta":{"ngg_post_thumbnail":0,"footnotes":""},"_links":{"self":[{"href":"https:\/\/wordpress.photothequequaregnon.eu\/index.php\/wp-json\/wp\/v2\/pages\/55"}],"collection":[{"href":"https:\/\/wordpress.photothequequaregnon.eu\/index.php\/wp-json\/wp\/v2\/pages"}],"about":[{"href":"https:\/\/wordpress.photothequequaregnon.eu\/index.php\/wp-json\/wp\/v2\/types\/page"}],"author":[{"embeddable":true,"href":"https:\/\/wordpress.photothequequaregnon.eu\/index.php\/wp-json\/wp\/v2\/users\/1"}],"replies":[{"embeddable":true,"href":"https:\/\/wordpress.photothequequaregnon.eu\/index.php\/wp-json\/wp\/v2\/comments?post=55"}],"version-history":[{"count":2,"href":"https:\/\/wordpress.photothequequaregnon.eu\/index.php\/wp-json\/wp\/v2\/pages\/55\/revisions"}],"predecessor-version":[{"id":57,"href":"https:\/\/wordpress.photothequequaregnon.eu\/index.php\/wp-json\/wp\/v2\/pages\/55\/revisions\/57"}],"wp:attachment":[{"href":"https:\/\/wordpress.photothequequaregnon.eu\/index.php\/wp-json\/wp\/v2\/media?parent=55"}],"curies":[{"name":"wp","href":"https:\/\/api.w.org\/{rel}","templated":true}]}}