{"id":61,"date":"2024-05-24T12:04:26","date_gmt":"2024-05-24T10:04:26","guid":{"rendered":"https:\/\/wordpress.photothequequaregnon.eu\/?page_id=61"},"modified":"2024-05-24T12:04:27","modified_gmt":"2024-05-24T10:04:27","slug":"remerciements","status":"publish","type":"page","link":"https:\/\/wordpress.photothequequaregnon.eu\/index.php\/remerciements\/","title":{"rendered":"Remerciements"},"content":{"rendered":"\n<p>Remerciements pour les partages de documents aux personnes suivantes, ainsi qu\u2019\u00e0 toutes les personnes qui dans leurs conversations ont raviv\u00e9 des souvenirs ou ont r\u00e9pondu \u00e0 bon nombre de nos interrogations.<\/p>\n","protected":false},"excerpt":{"rendered":"<p>Remerciements pour les partages de documents aux personnes suivantes, ainsi qu\u2019\u00e0 toutes les personnes qui dans leurs conversations ont raviv\u00e9 des souvenirs ou ont r\u00e9pondu \u00e0 bon nombre de nos interrogations.<\/p>\n","protected":false},"author":1,"featured_media":0,"parent":0,"menu_order":0,"comment_status":"closed","ping_status":"closed","template":"","meta":{"ngg_post_thumbnail":0,"footnotes":""},"_links":{"self":[{"href":"https:\/\/wordpress.photothequequaregnon.eu\/index.php\/wp-json\/wp\/v2\/pages\/61"}],"collection":[{"href":"https:\/\/wordpress.photothequequaregnon.eu\/index.php\/wp-json\/wp\/v2\/pages"}],"about":[{"href":"https:\/\/wordpress.photothequequaregnon.eu\/index.php\/wp-json\/wp\/v2\/types\/page"}],"author":[{"embeddable":true,"href":"https:\/\/wordpress.photothequequaregnon.eu\/index.php\/wp-json\/wp\/v2\/users\/1"}],"replies":[{"embeddable":true,"href":"https:\/\/wordpress.photothequequaregnon.eu\/index.php\/wp-json\/wp\/v2\/comments?post=61"}],"version-history":[{"count":1,"href":"https:\/\/wordpress.photothequequaregnon.eu\/index.php\/wp-json\/wp\/v2\/pages\/61\/revisions"}],"predecessor-version":[{"id":62,"href":"https:\/\/wordpress.photothequequaregnon.eu\/index.php\/wp-json\/wp\/v2\/pages\/61\/revisions\/62"}],"wp:attachment":[{"href":"https:\/\/wordpress.photothequequaregnon.eu\/index.php\/wp-json\/wp\/v2\/media?parent=61"}],"curies":[{"name":"wp","href":"https:\/\/api.w.org\/{rel}","templated":true}]}}