{"id":65,"date":"2024-05-24T12:09:30","date_gmt":"2024-05-24T10:09:30","guid":{"rendered":"https:\/\/wordpress.photothequequaregnon.eu\/?page_id=65"},"modified":"2024-05-24T12:09:31","modified_gmt":"2024-05-24T10:09:31","slug":"conditions-dutilisation","status":"publish","type":"page","link":"https:\/\/wordpress.photothequequaregnon.eu\/index.php\/conditions-dutilisation\/","title":{"rendered":"Conditions d\u2019utilisation"},"content":{"rendered":"\n<p>Tout document mis en ligne dans la biblioth\u00e8que peut \u00eatre diffus\u00e9 gratuitement dans le cadre d\u2019une activit\u00e9 de recherche, d\u2019enseignement ou dans le cercle priv\u00e9.<\/p>\n\n\n\n<p>Les illustrations&nbsp;ne peuvent \u00eatre reproduites sans l\u2019autorisation des personnes ou institutions mentionn\u00e9es qui en d\u00e9tiennent les droits.&nbsp;Il appartient \u00e0 qui souhaite utiliser ces images d\u2019effectuer les d\u00e9marches n\u00e9cessaires aupr\u00e8s des personnes ou institutions qui d\u00e9tiennent les droits d\u2019auteur sur les clich\u00e9s ou sur les \u0153uvres qui sont repr\u00e9sent\u00e9es.<\/p>\n\n\n\n<p>Les images peuvent \u00eatre reproduites dans des publications&nbsp;\u00e0 but non lucratif&nbsp;moyennant le strict respect des conditions suivantes :<\/p>\n\n\n\n<p><em>\u00b7&nbsp;&nbsp;&nbsp;&nbsp;&nbsp;&nbsp;&nbsp;&nbsp;&nbsp;<\/em>pour les sites Internet et pages des r\u00e9seaux sociaux, la mention obligatoire de chaque image (exemple&nbsp;:&nbsp;<strong>A. de Ville de Quaregnon\u00a9 phototh\u00e8quequaregnon.be<\/strong>&nbsp;doit figurer \u00e0 c\u00f4t\u00e9 de l\u2019image utilis\u00e9e et un lien vers&nbsp;<strong>phototh\u00e8quequaregnon.be<\/strong>&nbsp;doit \u00eatre ins\u00e9r\u00e9 dans les r\u00e9f\u00e9rences du site.<\/p>\n\n\n\n<p><em>\u00b7&nbsp;&nbsp;&nbsp;&nbsp;&nbsp;&nbsp;&nbsp;&nbsp;<\/em>&nbsp;pour&nbsp;les&nbsp;publications imprim\u00e9es, la mention obligatoire de chaque image (exemple&nbsp;<strong>: A. de Ville de Quaregnon\u00a9 phototh\u00e8quequaregnon.be<\/strong>&nbsp;doit figurer dans la l\u00e9gende de l\u2019image utilis\u00e9e et la d\u00e9nomination compl\u00e8te&nbsp;<strong>phototh\u00e8quequaregnon.be (Administration Communale de Quaregnon Biblioth\u00e8que)&nbsp;<\/strong>doit appara\u00eetre dans les cr\u00e9dits photographiques<strong>.<\/strong><\/p>\n\n\n\n<p><em>\u00b7&nbsp;&nbsp;&nbsp;&nbsp;&nbsp;&nbsp;&nbsp;&nbsp;<\/em>&nbsp;Un exemplaire&nbsp;de chaque publication papier doit \u00eatre envoy\u00e9 \u00e0 la Biblioth\u00e8que communale U. Cordier, 139 rue Adelson Castiaux 7390 Quaregnon. Les publications num\u00e9ris\u00e9es doivent \u00eatre envoy\u00e9e en pi\u00e8ce jointe \u00e0 l\u2019adresse&nbsp;:&nbsp;<a href=\"mailto:bib.bibquaregnon@quaregnon.be\" target=\"_blank\" rel=\"noreferrer noopener\">bib.bibquaregnon@quaregnon.be<\/a>&nbsp;en ajoutant le lien hypertexte.<\/p>\n","protected":false},"excerpt":{"rendered":"<p>Tout document mis en ligne dans la biblioth\u00e8que peut \u00eatre diffus\u00e9 gratuitement dans le cadre d\u2019une activit\u00e9 de recherche, d\u2019enseignement ou dans le cercle priv\u00e9. Les illustrations&nbsp;ne peuvent \u00eatre reproduites sans l\u2019autorisation des personnes ou institutions mentionn\u00e9es qui en d\u00e9tiennent les droits.&nbsp;Il appartient \u00e0 qui souhaite utiliser ces images d\u2019effectuer les d\u00e9marches n\u00e9cessaires aupr\u00e8s des [&hellip;]<\/p>\n","protected":false},"author":1,"featured_media":0,"parent":0,"menu_order":0,"comment_status":"closed","ping_status":"closed","template":"","meta":{"ngg_post_thumbnail":0,"footnotes":""},"_links":{"self":[{"href":"https:\/\/wordpress.photothequequaregnon.eu\/index.php\/wp-json\/wp\/v2\/pages\/65"}],"collection":[{"href":"https:\/\/wordpress.photothequequaregnon.eu\/index.php\/wp-json\/wp\/v2\/pages"}],"about":[{"href":"https:\/\/wordpress.photothequequaregnon.eu\/index.php\/wp-json\/wp\/v2\/types\/page"}],"author":[{"embeddable":true,"href":"https:\/\/wordpress.photothequequaregnon.eu\/index.php\/wp-json\/wp\/v2\/users\/1"}],"replies":[{"embeddable":true,"href":"https:\/\/wordpress.photothequequaregnon.eu\/index.php\/wp-json\/wp\/v2\/comments?post=65"}],"version-history":[{"count":1,"href":"https:\/\/wordpress.photothequequaregnon.eu\/index.php\/wp-json\/wp\/v2\/pages\/65\/revisions"}],"predecessor-version":[{"id":66,"href":"https:\/\/wordpress.photothequequaregnon.eu\/index.php\/wp-json\/wp\/v2\/pages\/65\/revisions\/66"}],"wp:attachment":[{"href":"https:\/\/wordpress.photothequequaregnon.eu\/index.php\/wp-json\/wp\/v2\/media?parent=65"}],"curies":[{"name":"wp","href":"https:\/\/api.w.org\/{rel}","templated":true}]}}